{"id":551,"date":"2020-04-03T08:52:36","date_gmt":"2020-04-03T08:52:36","guid":{"rendered":"https:\/\/kingusto.com\/moins-de-sel-et-de-sucre-avec-kingusto\/"},"modified":"2020-04-30T13:19:43","modified_gmt":"2020-04-30T13:19:43","slug":"moins-de-sel-et-de-sucre-avec-kingusto","status":"publish","type":"page","link":"https:\/\/kingusto.com\/fr\/","title":{"rendered":"Moins de sel et de sucre avec Kingusto"},"content":{"rendered":"<h1>Moins de sel et de sucre avec <span class=\"underline\">Kingusto<\/span><\/h1>\n<p>Kingusto est un rehausseur de saveur naturel clean label qui permet de r\u00e9duire le sel et le sucre dans votre produit. Kingusto est donc un ingr\u00e9dient puissant qui r\u00e9pond \u00e0 la demande de produits alimentaires plus sains.<\/p>\n","protected":false},"excerpt":{"rendered":"<p>Moins de sel et de sucre avec Kingusto Kingusto est un rehausseur de saveur naturel clean label qui permet de r\u00e9duire le sel et le sucre dans votre produit. Kingusto est donc un ingr\u00e9dient puissant qui r\u00e9pond \u00e0 la demande de produits alimentaires plus sains.<\/p>\n","protected":false},"author":2,"featured_media":556,"parent":0,"menu_order":0,"comment_status":"closed","ping_status":"closed","template":"","meta":{"_acf_changed":false,"footnotes":""},"class_list":["post-551","page","type-page","status-publish","has-post-thumbnail","hentry"],"acf":[],"yoast_head":"<!-- This site is optimized with the Yoast SEO plugin v26.6 - https:\/\/yoast.com\/wordpress\/plugins\/seo\/ -->\n<title>Moins de sel et de sucre avec Kingusto - Kingusto<\/title>\n<meta name=\"description\" content=\"Kingusto est un rehausseur de saveur naturel clean label qui permet de r\u00e9duire le sel et le sucre dans votre produit.\" \/>\n<meta name=\"robots\" content=\"index, follow, max-snippet:-1, max-image-preview:large, max-video-preview:-1\" \/>\n<link rel=\"canonical\" href=\"https:\/\/kingusto.com\/fr\/\" \/>\n<meta property=\"og:locale\" content=\"fr_FR\" \/>\n<meta property=\"og:type\" content=\"article\" \/>\n<meta property=\"og:title\" content=\"Moins de sel et de sucre avec Kingusto - Kingusto\" \/>\n<meta property=\"og:description\" content=\"Kingusto est un rehausseur de saveur naturel clean label qui permet de r\u00e9duire le sel et le sucre dans votre produit.\" \/>\n<meta property=\"og:url\" content=\"https:\/\/kingusto.com\/fr\/\" \/>\n<meta property=\"og:site_name\" content=\"Kingusto\" \/>\n<meta property=\"article:modified_time\" content=\"2020-04-30T13:19:43+00:00\" \/>\n<meta property=\"og:image\" content=\"https:\/\/kingusto.com\/app\/uploads\/2019\/04\/kingusto-mushroom-extract-concrentrate.jpg\" \/>\n\t<meta property=\"og:image:width\" content=\"2048\" \/>\n\t<meta property=\"og:image:height\" content=\"1140\" \/>\n\t<meta property=\"og:image:type\" content=\"image\/jpeg\" \/>\n<meta name=\"twitter:card\" content=\"summary_large_image\" \/>\n<script type=\"application\/ld+json\" class=\"yoast-schema-graph\">{\"@context\":\"https:\/\/schema.org\",\"@graph\":[{\"@type\":\"WebPage\",\"@id\":\"https:\/\/kingusto.com\/fr\/\",\"url\":\"https:\/\/kingusto.com\/fr\/\",\"name\":\"Moins de sel et de sucre avec Kingusto - Kingusto\",\"isPartOf\":{\"@id\":\"https:\/\/kingusto.com\/fr\/#website\"},\"primaryImageOfPage\":{\"@id\":\"https:\/\/kingusto.com\/fr\/#primaryimage\"},\"image\":{\"@id\":\"https:\/\/kingusto.com\/fr\/#primaryimage\"},\"thumbnailUrl\":\"https:\/\/kingusto.com\/app\/uploads\/2019\/04\/kingusto-mushroom-extract-concrentrate.jpg\",\"datePublished\":\"2020-04-03T08:52:36+00:00\",\"dateModified\":\"2020-04-30T13:19:43+00:00\",\"description\":\"Kingusto est un rehausseur de saveur naturel clean label qui permet de r\u00e9duire le sel et le sucre dans votre produit.\",\"breadcrumb\":{\"@id\":\"https:\/\/kingusto.com\/fr\/#breadcrumb\"},\"inLanguage\":\"fr-FR\",\"potentialAction\":[{\"@type\":\"ReadAction\",\"target\":[\"https:\/\/kingusto.com\/fr\/\"]}]},{\"@type\":\"ImageObject\",\"inLanguage\":\"fr-FR\",\"@id\":\"https:\/\/kingusto.com\/fr\/#primaryimage\",\"url\":\"https:\/\/kingusto.com\/app\/uploads\/2019\/04\/kingusto-mushroom-extract-concrentrate.jpg\",\"contentUrl\":\"https:\/\/kingusto.com\/app\/uploads\/2019\/04\/kingusto-mushroom-extract-concrentrate.jpg\",\"width\":2048,\"height\":1140},{\"@type\":\"BreadcrumbList\",\"@id\":\"https:\/\/kingusto.com\/fr\/#breadcrumb\",\"itemListElement\":[{\"@type\":\"ListItem\",\"position\":1,\"name\":\"Home\",\"item\":\"https:\/\/kingusto.com\/fr\/\"},{\"@type\":\"ListItem\",\"position\":2,\"name\":\"Moins de sel et de sucre avec Kingusto\"}]},{\"@type\":\"WebSite\",\"@id\":\"https:\/\/kingusto.com\/fr\/#website\",\"url\":\"https:\/\/kingusto.com\/fr\/\",\"name\":\"Kingusto\",\"description\":\"Intensify your taste\",\"potentialAction\":[{\"@type\":\"SearchAction\",\"target\":{\"@type\":\"EntryPoint\",\"urlTemplate\":\"https:\/\/kingusto.com\/fr\/?s={search_term_string}\"},\"query-input\":{\"@type\":\"PropertyValueSpecification\",\"valueRequired\":true,\"valueName\":\"search_term_string\"}}],\"inLanguage\":\"fr-FR\"}]}<\/script>\n<!-- \/ Yoast SEO plugin. -->","yoast_head_json":{"title":"Moins de sel et de sucre avec Kingusto - Kingusto","description":"Kingusto est un rehausseur de saveur naturel clean label qui permet de r\u00e9duire le sel et le sucre dans votre produit.","robots":{"index":"index","follow":"follow","max-snippet":"max-snippet:-1","max-image-preview":"max-image-preview:large","max-video-preview":"max-video-preview:-1"},"canonical":"https:\/\/kingusto.com\/fr\/","og_locale":"fr_FR","og_type":"article","og_title":"Moins de sel et de sucre avec Kingusto - Kingusto","og_description":"Kingusto est un rehausseur de saveur naturel clean label qui permet de r\u00e9duire le sel et le sucre dans votre produit.","og_url":"https:\/\/kingusto.com\/fr\/","og_site_name":"Kingusto","article_modified_time":"2020-04-30T13:19:43+00:00","og_image":[{"width":2048,"height":1140,"url":"https:\/\/kingusto.com\/app\/uploads\/2019\/04\/kingusto-mushroom-extract-concrentrate.jpg","type":"image\/jpeg"}],"twitter_card":"summary_large_image","schema":{"@context":"https:\/\/schema.org","@graph":[{"@type":"WebPage","@id":"https:\/\/kingusto.com\/fr\/","url":"https:\/\/kingusto.com\/fr\/","name":"Moins de sel et de sucre avec Kingusto - Kingusto","isPartOf":{"@id":"https:\/\/kingusto.com\/fr\/#website"},"primaryImageOfPage":{"@id":"https:\/\/kingusto.com\/fr\/#primaryimage"},"image":{"@id":"https:\/\/kingusto.com\/fr\/#primaryimage"},"thumbnailUrl":"https:\/\/kingusto.com\/app\/uploads\/2019\/04\/kingusto-mushroom-extract-concrentrate.jpg","datePublished":"2020-04-03T08:52:36+00:00","dateModified":"2020-04-30T13:19:43+00:00","description":"Kingusto est un rehausseur de saveur naturel clean label qui permet de r\u00e9duire le sel et le sucre dans votre produit.","breadcrumb":{"@id":"https:\/\/kingusto.com\/fr\/#breadcrumb"},"inLanguage":"fr-FR","potentialAction":[{"@type":"ReadAction","target":["https:\/\/kingusto.com\/fr\/"]}]},{"@type":"ImageObject","inLanguage":"fr-FR","@id":"https:\/\/kingusto.com\/fr\/#primaryimage","url":"https:\/\/kingusto.com\/app\/uploads\/2019\/04\/kingusto-mushroom-extract-concrentrate.jpg","contentUrl":"https:\/\/kingusto.com\/app\/uploads\/2019\/04\/kingusto-mushroom-extract-concrentrate.jpg","width":2048,"height":1140},{"@type":"BreadcrumbList","@id":"https:\/\/kingusto.com\/fr\/#breadcrumb","itemListElement":[{"@type":"ListItem","position":1,"name":"Home","item":"https:\/\/kingusto.com\/fr\/"},{"@type":"ListItem","position":2,"name":"Moins de sel et de sucre avec Kingusto"}]},{"@type":"WebSite","@id":"https:\/\/kingusto.com\/fr\/#website","url":"https:\/\/kingusto.com\/fr\/","name":"Kingusto","description":"Intensify your taste","potentialAction":[{"@type":"SearchAction","target":{"@type":"EntryPoint","urlTemplate":"https:\/\/kingusto.com\/fr\/?s={search_term_string}"},"query-input":{"@type":"PropertyValueSpecification","valueRequired":true,"valueName":"search_term_string"}}],"inLanguage":"fr-FR"}]}},"_links":{"self":[{"href":"https:\/\/kingusto.com\/fr\/wp-json\/wp\/v2\/pages\/551","targetHints":{"allow":["GET"]}}],"collection":[{"href":"https:\/\/kingusto.com\/fr\/wp-json\/wp\/v2\/pages"}],"about":[{"href":"https:\/\/kingusto.com\/fr\/wp-json\/wp\/v2\/types\/page"}],"author":[{"embeddable":true,"href":"https:\/\/kingusto.com\/fr\/wp-json\/wp\/v2\/users\/2"}],"replies":[{"embeddable":true,"href":"https:\/\/kingusto.com\/fr\/wp-json\/wp\/v2\/comments?post=551"}],"version-history":[{"count":3,"href":"https:\/\/kingusto.com\/fr\/wp-json\/wp\/v2\/pages\/551\/revisions"}],"predecessor-version":[{"id":691,"href":"https:\/\/kingusto.com\/fr\/wp-json\/wp\/v2\/pages\/551\/revisions\/691"}],"wp:featuredmedia":[{"embeddable":true,"href":"https:\/\/kingusto.com\/fr\/wp-json\/wp\/v2\/media\/556"}],"wp:attachment":[{"href":"https:\/\/kingusto.com\/fr\/wp-json\/wp\/v2\/media?parent=551"}],"curies":[{"name":"wp","href":"https:\/\/api.w.org\/{rel}","templated":true}]}}