{"id":592,"date":"2020-04-03T09:33:15","date_gmt":"2020-04-03T09:33:15","guid":{"rendered":"https:\/\/kingusto.com\/a-notre-sujet\/"},"modified":"2020-05-01T13:13:25","modified_gmt":"2020-05-01T13:13:25","slug":"a-notre-sujet","status":"publish","type":"page","link":"https:\/\/kingusto.com\/fr\/a-notre-sujet\/","title":{"rendered":"\u00c0 notre sujet"},"content":{"rendered":"","protected":false},"excerpt":{"rendered":"","protected":false},"author":2,"featured_media":601,"parent":0,"menu_order":0,"comment_status":"closed","ping_status":"closed","template":"","meta":{"_acf_changed":false,"footnotes":""},"class_list":["post-592","page","type-page","status-publish","has-post-thumbnail","hentry"],"acf":[],"yoast_head":"<!-- This site is optimized with the Yoast SEO plugin v26.6 - https:\/\/yoast.com\/wordpress\/plugins\/seo\/ -->\n<title>\u00c0 notre sujet - Kingusto<\/title>\n<meta name=\"description\" content=\"Kingusto est un produit de Prochamp Ingredients, qui fait partie de la cha\u00eene alimentaire de qualit\u00e9 contr\u00f4l\u00e9e et qui poss\u00e8de tous les aspects de la production de champignons en interne.\" \/>\n<meta name=\"robots\" content=\"index, follow, max-snippet:-1, max-image-preview:large, max-video-preview:-1\" \/>\n<link rel=\"canonical\" href=\"https:\/\/kingusto.com\/fr\/a-notre-sujet\/\" \/>\n<meta property=\"og:locale\" content=\"fr_FR\" \/>\n<meta property=\"og:type\" content=\"article\" \/>\n<meta property=\"og:title\" content=\"\u00c0 notre sujet - Kingusto\" \/>\n<meta property=\"og:description\" content=\"Kingusto est un produit de Prochamp Ingredients, qui fait partie de la cha\u00eene alimentaire de qualit\u00e9 contr\u00f4l\u00e9e et qui poss\u00e8de tous les aspects de la production de champignons en interne.\" \/>\n<meta property=\"og:url\" content=\"https:\/\/kingusto.com\/fr\/a-notre-sujet\/\" \/>\n<meta property=\"og:site_name\" content=\"Kingusto\" \/>\n<meta property=\"article:modified_time\" content=\"2020-05-01T13:13:25+00:00\" \/>\n<meta property=\"og:image\" content=\"https:\/\/kingusto.com\/app\/uploads\/2019\/04\/kingusto-about-us-lab.jpg\" \/>\n\t<meta property=\"og:image:width\" content=\"1024\" \/>\n\t<meta property=\"og:image:height\" content=\"1024\" \/>\n\t<meta property=\"og:image:type\" content=\"image\/jpeg\" \/>\n<meta name=\"twitter:card\" content=\"summary_large_image\" \/>\n<script type=\"application\/ld+json\" class=\"yoast-schema-graph\">{\"@context\":\"https:\/\/schema.org\",\"@graph\":[{\"@type\":\"WebPage\",\"@id\":\"https:\/\/kingusto.com\/fr\/a-notre-sujet\/\",\"url\":\"https:\/\/kingusto.com\/fr\/a-notre-sujet\/\",\"name\":\"\u00c0 notre sujet - Kingusto\",\"isPartOf\":{\"@id\":\"https:\/\/kingusto.com\/fr\/#website\"},\"primaryImageOfPage\":{\"@id\":\"https:\/\/kingusto.com\/fr\/a-notre-sujet\/#primaryimage\"},\"image\":{\"@id\":\"https:\/\/kingusto.com\/fr\/a-notre-sujet\/#primaryimage\"},\"thumbnailUrl\":\"https:\/\/kingusto.com\/app\/uploads\/2019\/04\/kingusto-about-us-lab.jpg\",\"datePublished\":\"2020-04-03T09:33:15+00:00\",\"dateModified\":\"2020-05-01T13:13:25+00:00\",\"description\":\"Kingusto est un produit de Prochamp Ingredients, qui fait partie de la cha\u00eene alimentaire de qualit\u00e9 contr\u00f4l\u00e9e et qui poss\u00e8de tous les aspects de la production de champignons en interne.\",\"breadcrumb\":{\"@id\":\"https:\/\/kingusto.com\/fr\/a-notre-sujet\/#breadcrumb\"},\"inLanguage\":\"fr-FR\",\"potentialAction\":[{\"@type\":\"ReadAction\",\"target\":[\"https:\/\/kingusto.com\/fr\/a-notre-sujet\/\"]}]},{\"@type\":\"ImageObject\",\"inLanguage\":\"fr-FR\",\"@id\":\"https:\/\/kingusto.com\/fr\/a-notre-sujet\/#primaryimage\",\"url\":\"https:\/\/kingusto.com\/app\/uploads\/2019\/04\/kingusto-about-us-lab.jpg\",\"contentUrl\":\"https:\/\/kingusto.com\/app\/uploads\/2019\/04\/kingusto-about-us-lab.jpg\",\"width\":1024,\"height\":1024},{\"@type\":\"BreadcrumbList\",\"@id\":\"https:\/\/kingusto.com\/fr\/a-notre-sujet\/#breadcrumb\",\"itemListElement\":[{\"@type\":\"ListItem\",\"position\":1,\"name\":\"Home\",\"item\":\"https:\/\/kingusto.com\/fr\/\"},{\"@type\":\"ListItem\",\"position\":2,\"name\":\"\u00c0 notre sujet\"}]},{\"@type\":\"WebSite\",\"@id\":\"https:\/\/kingusto.com\/fr\/#website\",\"url\":\"https:\/\/kingusto.com\/fr\/\",\"name\":\"Kingusto\",\"description\":\"Intensify your taste\",\"potentialAction\":[{\"@type\":\"SearchAction\",\"target\":{\"@type\":\"EntryPoint\",\"urlTemplate\":\"https:\/\/kingusto.com\/fr\/?s={search_term_string}\"},\"query-input\":{\"@type\":\"PropertyValueSpecification\",\"valueRequired\":true,\"valueName\":\"search_term_string\"}}],\"inLanguage\":\"fr-FR\"}]}<\/script>\n<!-- \/ Yoast SEO plugin. -->","yoast_head_json":{"title":"\u00c0 notre sujet - Kingusto","description":"Kingusto est un produit de Prochamp Ingredients, qui fait partie de la cha\u00eene alimentaire de qualit\u00e9 contr\u00f4l\u00e9e et qui poss\u00e8de tous les aspects de la production de champignons en interne.","robots":{"index":"index","follow":"follow","max-snippet":"max-snippet:-1","max-image-preview":"max-image-preview:large","max-video-preview":"max-video-preview:-1"},"canonical":"https:\/\/kingusto.com\/fr\/a-notre-sujet\/","og_locale":"fr_FR","og_type":"article","og_title":"\u00c0 notre sujet - Kingusto","og_description":"Kingusto est un produit de Prochamp Ingredients, qui fait partie de la cha\u00eene alimentaire de qualit\u00e9 contr\u00f4l\u00e9e et qui poss\u00e8de tous les aspects de la production de champignons en interne.","og_url":"https:\/\/kingusto.com\/fr\/a-notre-sujet\/","og_site_name":"Kingusto","article_modified_time":"2020-05-01T13:13:25+00:00","og_image":[{"width":1024,"height":1024,"url":"https:\/\/kingusto.com\/app\/uploads\/2019\/04\/kingusto-about-us-lab.jpg","type":"image\/jpeg"}],"twitter_card":"summary_large_image","schema":{"@context":"https:\/\/schema.org","@graph":[{"@type":"WebPage","@id":"https:\/\/kingusto.com\/fr\/a-notre-sujet\/","url":"https:\/\/kingusto.com\/fr\/a-notre-sujet\/","name":"\u00c0 notre sujet - Kingusto","isPartOf":{"@id":"https:\/\/kingusto.com\/fr\/#website"},"primaryImageOfPage":{"@id":"https:\/\/kingusto.com\/fr\/a-notre-sujet\/#primaryimage"},"image":{"@id":"https:\/\/kingusto.com\/fr\/a-notre-sujet\/#primaryimage"},"thumbnailUrl":"https:\/\/kingusto.com\/app\/uploads\/2019\/04\/kingusto-about-us-lab.jpg","datePublished":"2020-04-03T09:33:15+00:00","dateModified":"2020-05-01T13:13:25+00:00","description":"Kingusto est un produit de Prochamp Ingredients, qui fait partie de la cha\u00eene alimentaire de qualit\u00e9 contr\u00f4l\u00e9e et qui poss\u00e8de tous les aspects de la production de champignons en interne.","breadcrumb":{"@id":"https:\/\/kingusto.com\/fr\/a-notre-sujet\/#breadcrumb"},"inLanguage":"fr-FR","potentialAction":[{"@type":"ReadAction","target":["https:\/\/kingusto.com\/fr\/a-notre-sujet\/"]}]},{"@type":"ImageObject","inLanguage":"fr-FR","@id":"https:\/\/kingusto.com\/fr\/a-notre-sujet\/#primaryimage","url":"https:\/\/kingusto.com\/app\/uploads\/2019\/04\/kingusto-about-us-lab.jpg","contentUrl":"https:\/\/kingusto.com\/app\/uploads\/2019\/04\/kingusto-about-us-lab.jpg","width":1024,"height":1024},{"@type":"BreadcrumbList","@id":"https:\/\/kingusto.com\/fr\/a-notre-sujet\/#breadcrumb","itemListElement":[{"@type":"ListItem","position":1,"name":"Home","item":"https:\/\/kingusto.com\/fr\/"},{"@type":"ListItem","position":2,"name":"\u00c0 notre sujet"}]},{"@type":"WebSite","@id":"https:\/\/kingusto.com\/fr\/#website","url":"https:\/\/kingusto.com\/fr\/","name":"Kingusto","description":"Intensify your taste","potentialAction":[{"@type":"SearchAction","target":{"@type":"EntryPoint","urlTemplate":"https:\/\/kingusto.com\/fr\/?s={search_term_string}"},"query-input":{"@type":"PropertyValueSpecification","valueRequired":true,"valueName":"search_term_string"}}],"inLanguage":"fr-FR"}]}},"_links":{"self":[{"href":"https:\/\/kingusto.com\/fr\/wp-json\/wp\/v2\/pages\/592","targetHints":{"allow":["GET"]}}],"collection":[{"href":"https:\/\/kingusto.com\/fr\/wp-json\/wp\/v2\/pages"}],"about":[{"href":"https:\/\/kingusto.com\/fr\/wp-json\/wp\/v2\/types\/page"}],"author":[{"embeddable":true,"href":"https:\/\/kingusto.com\/fr\/wp-json\/wp\/v2\/users\/2"}],"replies":[{"embeddable":true,"href":"https:\/\/kingusto.com\/fr\/wp-json\/wp\/v2\/comments?post=592"}],"version-history":[{"count":4,"href":"https:\/\/kingusto.com\/fr\/wp-json\/wp\/v2\/pages\/592\/revisions"}],"predecessor-version":[{"id":703,"href":"https:\/\/kingusto.com\/fr\/wp-json\/wp\/v2\/pages\/592\/revisions\/703"}],"wp:featuredmedia":[{"embeddable":true,"href":"https:\/\/kingusto.com\/fr\/wp-json\/wp\/v2\/media\/601"}],"wp:attachment":[{"href":"https:\/\/kingusto.com\/fr\/wp-json\/wp\/v2\/media?parent=592"}],"curies":[{"name":"wp","href":"https:\/\/api.w.org\/{rel}","templated":true}]}}